{"id":2040,"date":"2022-02-21T22:45:28","date_gmt":"2022-02-21T21:45:28","guid":{"rendered":"https:\/\/thelittlewarriorcomic.com\/shop\/metal-mug-lost\/"},"modified":"2022-06-03T09:48:46","modified_gmt":"2022-06-03T07:48:46","slug":"metal-mug-lost","status":"publish","type":"product","link":"https:\/\/thelittlewarriorcomic.com\/fr\/shop\/metal-mug-lost\/","title":{"rendered":"Perdu? (m\u00e9tal)"},"content":{"rendered":"<p>&#8211; Impression made in France<br \/>&#8211; Impression : quadrichromie pour une nettet\u00e9 parfaite<br \/>&#8211; Mati\u00e8re : m\u00e9tal avec enrobage de peinture \u00e9maill\u00e9e<br \/>&#8211; Contenance du mug : 300ml<br \/>&#8211; Hauteur : 7,9 cm <br \/>&#8211; Lave-vaisselle possible mais lavage \u00e0 la main pr\u00e9f\u00e9rable<br \/>&#8211; Surtout ne pas mettre au micro-onde<br \/>&#8211; Etant donn\u00e9 la nature &#8220;vintage&#8221; du mug en metal, celui-ci peut pr\u00e9senter quelques imperfections<\/p>","protected":false},"excerpt":{"rendered":"<p>&#8211; Impression made in France&#8211; Impression : quadrichromie pour une nettet\u00e9 parfaite&#8211; Mati\u00e8re : m\u00e9tal avec enrobage de peinture \u00e9maill\u00e9e&#8211; Contenance du mug : 300ml&#8211; Hauteur : 7,9 cm &#8211; Lave-vaisselle possible mais lavage \u00e0 la main pr\u00e9f\u00e9rable&#8211; Surtout ne[&hellip;]<a class=\"more-link\" href=\"https:\/\/thelittlewarriorcomic.com\/fr\/shop\/metal-mug-lost\/\">&darr; Read the rest of this entry&#8230;<\/a><\/p>\n","protected":false},"featured_media":2482,"template":"","meta":{"_coblocks_attr":"","_coblocks_dimensions":"","_coblocks_responsive_height":"","_coblocks_accordion_ie_support":"","_crdt_document":"","advanced_seo_description":"","jetpack_seo_html_title":"","jetpack_seo_noindex":false,"jetpack_publicize_message":"","jetpack_publicize_feature_enabled":true,"jetpack_social_post_already_shared":true,"jetpack_social_options":{"image_generator_settings":{"template":"highway","default_image_id":0,"font":"","enabled":false},"version":2},"_wpas_customize_per_network":false},"product_brand":[],"product_cat":[6382],"product_tag":[],"class_list":{"0":"post-2040","1":"product","2":"type-product","3":"status-publish","4":"has-post-thumbnail","6":"product_cat-other","7":"uentry","8":"postonpage-1","9":"odd","10":"post-author-ambroisehennebelle","12":"first","13":"instock","14":"taxable","15":"shipping-taxable","16":"purchasable","17":"product-type-variable","18":"has-default-attributes"},"jetpack_publicize_connections":[],"jetpack_likes_enabled":false,"jetpack_sharing_enabled":true,"_links":{"self":[{"href":"https:\/\/thelittlewarriorcomic.com\/fr\/wp-json\/wp\/v2\/product\/2040","targetHints":{"allow":["GET"]}}],"collection":[{"href":"https:\/\/thelittlewarriorcomic.com\/fr\/wp-json\/wp\/v2\/product"}],"about":[{"href":"https:\/\/thelittlewarriorcomic.com\/fr\/wp-json\/wp\/v2\/types\/product"}],"wp:featuredmedia":[{"embeddable":true,"href":"https:\/\/thelittlewarriorcomic.com\/fr\/wp-json\/wp\/v2\/media\/2482"}],"wp:attachment":[{"href":"https:\/\/thelittlewarriorcomic.com\/fr\/wp-json\/wp\/v2\/media?parent=2040"}],"wp:term":[{"taxonomy":"product_brand","embeddable":true,"href":"https:\/\/thelittlewarriorcomic.com\/fr\/wp-json\/wp\/v2\/product_brand?post=2040"},{"taxonomy":"product_cat","embeddable":true,"href":"https:\/\/thelittlewarriorcomic.com\/fr\/wp-json\/wp\/v2\/product_cat?post=2040"},{"taxonomy":"product_tag","embeddable":true,"href":"https:\/\/thelittlewarriorcomic.com\/fr\/wp-json\/wp\/v2\/product_tag?post=2040"}],"curies":[{"name":"wp","href":"https:\/\/api.w.org\/{rel}","templated":true}]}}