{"id":2037,"date":"2022-02-21T22:45:21","date_gmt":"2022-02-21T21:45:21","guid":{"rendered":"https:\/\/thelittlewarriorcomic.com\/shop\/ceramic-mug-lost\/"},"modified":"2022-03-24T15:37:28","modified_gmt":"2022-03-24T14:37:28","slug":"ceramic-mug-lost","status":"publish","type":"product","link":"https:\/\/thelittlewarriorcomic.com\/fr\/shop\/ceramic-mug-lost\/","title":{"rendered":"Perdu? (c\u00e9ramique)"},"content":{"rendered":"<p>Mug top qualit\u00e9.<br \/>Il sera parfait sur votre bureau ou sur celui de la personne \u00e0 qui vous l&#8217;offrirez.<br \/>Le visuel est imprim\u00e9 autour de la tasse.<\/p>\n<p>&#8211; Mat\u00e9riau : c\u00e9ramique<\/p>\n<p>&#8211; Capacit\u00e9 : 330ml<\/p>\n<p>&#8211; Hauteur : 9.5 cm<\/p>\n<p>&#8211; Lavable \u00e0 la main ou au lave-vaisselle<\/p>\n<p>&#8211; R\u00e9sistant aux micro-ondes<\/p>","protected":false},"excerpt":{"rendered":"<p>Mug top qualit\u00e9.Il sera parfait sur votre bureau ou sur celui de la personne \u00e0 qui vous l&#8217;offrirez.Le visuel est imprim\u00e9 autour de la tasse. &#8211; Mat\u00e9riau : c\u00e9ramique &#8211; Capacit\u00e9 : 330ml &#8211; Hauteur : 9.5 cm &#8211; Lavable[&hellip;]<a class=\"more-link\" href=\"https:\/\/thelittlewarriorcomic.com\/fr\/shop\/ceramic-mug-lost\/\">&darr; Read the rest of this entry&#8230;<\/a><\/p>\n","protected":false},"featured_media":2170,"template":"","meta":{"_coblocks_attr":"","_coblocks_dimensions":"","_coblocks_responsive_height":"","_coblocks_accordion_ie_support":"","_crdt_document":"","advanced_seo_description":"","jetpack_seo_html_title":"","jetpack_seo_noindex":false,"jetpack_post_was_ever_published":false,"jetpack_publicize_message":"","jetpack_publicize_feature_enabled":true,"jetpack_social_post_already_shared":true,"jetpack_social_options":{"image_generator_settings":{"template":"highway","default_image_id":0,"font":"","enabled":false},"version":2},"_wpas_customize_per_network":false},"product_brand":[],"product_cat":[6382],"product_tag":[],"class_list":{"0":"post-2037","1":"product","2":"type-product","3":"status-publish","4":"has-post-thumbnail","6":"product_cat-other","7":"uentry","8":"postonpage-1","9":"odd","10":"post-author-ambroisehennebelle","12":"first","13":"instock","14":"taxable","15":"shipping-taxable","16":"purchasable","17":"product-type-variable","18":"has-default-attributes"},"jetpack_publicize_connections":[],"jetpack_likes_enabled":false,"jetpack_sharing_enabled":true,"_links":{"self":[{"href":"https:\/\/thelittlewarriorcomic.com\/fr\/wp-json\/wp\/v2\/product\/2037","targetHints":{"allow":["GET"]}}],"collection":[{"href":"https:\/\/thelittlewarriorcomic.com\/fr\/wp-json\/wp\/v2\/product"}],"about":[{"href":"https:\/\/thelittlewarriorcomic.com\/fr\/wp-json\/wp\/v2\/types\/product"}],"wp:featuredmedia":[{"embeddable":true,"href":"https:\/\/thelittlewarriorcomic.com\/fr\/wp-json\/wp\/v2\/media\/2170"}],"wp:attachment":[{"href":"https:\/\/thelittlewarriorcomic.com\/fr\/wp-json\/wp\/v2\/media?parent=2037"}],"wp:term":[{"taxonomy":"product_brand","embeddable":true,"href":"https:\/\/thelittlewarriorcomic.com\/fr\/wp-json\/wp\/v2\/product_brand?post=2037"},{"taxonomy":"product_cat","embeddable":true,"href":"https:\/\/thelittlewarriorcomic.com\/fr\/wp-json\/wp\/v2\/product_cat?post=2037"},{"taxonomy":"product_tag","embeddable":true,"href":"https:\/\/thelittlewarriorcomic.com\/fr\/wp-json\/wp\/v2\/product_tag?post=2037"}],"curies":[{"name":"wp","href":"https:\/\/api.w.org\/{rel}","templated":true}]}}