{"id":1838,"date":"2022-02-21T15:00:40","date_gmt":"2022-02-21T14:00:40","guid":{"rendered":"https:\/\/thelittlewarriorcomic.com\/shop\/mine-2\/"},"modified":"2022-03-24T16:07:02","modified_gmt":"2022-03-24T15:07:02","slug":"mine-2","status":"publish","type":"product","link":"https:\/\/thelittlewarriorcomic.com\/fr\/shop\/mine-2\/","title":{"rendered":"\u00c0 MOI"},"content":{"rendered":"<p><span>Poster Mat&nbsp;de qualit\u00e9 mus\u00e9e<\/span><\/p>\n<p><span>Impression haute qualit\u00e9 de type gicl\u00e9e<\/span><\/p>\n<p><span>Grammage&nbsp;du papier : 250&nbsp;g\/m2<\/span><\/p>\n<p><span>Label FSC<\/span><\/p>","protected":false},"excerpt":{"rendered":"<p>Poster Mat&nbsp;de qualit\u00e9 mus\u00e9e Impression haute qualit\u00e9 de type gicl\u00e9e Grammage&nbsp;du papier : 250&nbsp;g\/m2 Label FSC<\/p>","protected":false},"featured_media":2205,"template":"","meta":{"_coblocks_attr":"","_coblocks_dimensions":"","_coblocks_responsive_height":"","_coblocks_accordion_ie_support":"","_crdt_document":"","advanced_seo_description":"","jetpack_seo_html_title":"","jetpack_seo_noindex":false,"jetpack_post_was_ever_published":false,"jetpack_publicize_message":"","jetpack_publicize_feature_enabled":true,"jetpack_social_post_already_shared":true,"jetpack_social_options":{"image_generator_settings":{"template":"highway","default_image_id":0,"font":"","enabled":false},"version":2},"_wpas_customize_per_network":false},"product_brand":[],"product_cat":[6381,6379],"product_tag":[],"class_list":{"0":"post-1838","1":"product","2":"type-product","3":"status-publish","4":"has-post-thumbnail","6":"product_cat-print-matte","7":"product_cat-print","8":"uentry","9":"postonpage-1","10":"odd","11":"post-author-ambroisehennebelle","13":"first","14":"instock","15":"taxable","16":"shipping-taxable","17":"purchasable","18":"product-type-variable","19":"has-default-attributes"},"jetpack_publicize_connections":[],"jetpack_likes_enabled":false,"jetpack_sharing_enabled":true,"_links":{"self":[{"href":"https:\/\/thelittlewarriorcomic.com\/fr\/wp-json\/wp\/v2\/product\/1838","targetHints":{"allow":["GET"]}}],"collection":[{"href":"https:\/\/thelittlewarriorcomic.com\/fr\/wp-json\/wp\/v2\/product"}],"about":[{"href":"https:\/\/thelittlewarriorcomic.com\/fr\/wp-json\/wp\/v2\/types\/product"}],"wp:featuredmedia":[{"embeddable":true,"href":"https:\/\/thelittlewarriorcomic.com\/fr\/wp-json\/wp\/v2\/media\/2205"}],"wp:attachment":[{"href":"https:\/\/thelittlewarriorcomic.com\/fr\/wp-json\/wp\/v2\/media?parent=1838"}],"wp:term":[{"taxonomy":"product_brand","embeddable":true,"href":"https:\/\/thelittlewarriorcomic.com\/fr\/wp-json\/wp\/v2\/product_brand?post=1838"},{"taxonomy":"product_cat","embeddable":true,"href":"https:\/\/thelittlewarriorcomic.com\/fr\/wp-json\/wp\/v2\/product_cat?post=1838"},{"taxonomy":"product_tag","embeddable":true,"href":"https:\/\/thelittlewarriorcomic.com\/fr\/wp-json\/wp\/v2\/product_tag?post=1838"}],"curies":[{"name":"wp","href":"https:\/\/api.w.org\/{rel}","templated":true}]}}