{"id":672,"date":"2020-12-27T17:51:26","date_gmt":"2020-12-27T16:51:26","guid":{"rendered":"https:\/\/thelittlewarriorcomic.com\/?page_id=672"},"modified":"2022-03-31T12:04:41","modified_gmt":"2022-03-31T10:04:41","slug":"lore","status":"publish","type":"page","link":"https:\/\/thelittlewarriorcomic.com\/fr\/lore\/","title":{"rendered":"Lore"},"content":{"rendered":"<h2 class=\"has-vivid-red-color has-black-background-color has-text-color has-background has-large-font-size wp-block-heading\">Des questions sur l'univers? J'\u00e9coute!<\/h2>\n\n\n\n<p class=\"wp-block-paragraph\"><\/p>\n\n\n\n<figure class=\"wp-block-image size-full\"><img loading=\"lazy\" decoding=\"async\" width=\"1000\" height=\"494\" data-attachment-id=\"679\" data-permalink=\"https:\/\/thelittlewarriorcomic.com\/fr\/lore\/lore-2\/\" data-orig-file=\"https:\/\/thelittlewarriorcomic.com\/wp-content\/uploads\/2020\/12\/Lore.jpg\" data-orig-size=\"1000,494\" data-comments-opened=\"1\" data-image-meta=\"{&quot;aperture&quot;:&quot;0&quot;,&quot;credit&quot;:&quot;&quot;,&quot;camera&quot;:&quot;&quot;,&quot;caption&quot;:&quot;&quot;,&quot;created_timestamp&quot;:&quot;0&quot;,&quot;copyright&quot;:&quot;&quot;,&quot;focal_length&quot;:&quot;0&quot;,&quot;iso&quot;:&quot;0&quot;,&quot;shutter_speed&quot;:&quot;0&quot;,&quot;title&quot;:&quot;&quot;,&quot;orientation&quot;:&quot;1&quot;}\" data-image-title=\"Lore\" data-image-description=\"\" data-image-caption=\"\" data-large-file=\"https:\/\/thelittlewarriorcomic.com\/wp-content\/uploads\/2020\/12\/Lore.jpg\" src=\"https:\/\/thelittlewarriorcomic.com\/wp-content\/uploads\/2020\/12\/Lore.jpg\" alt=\"\" class=\"wp-image-679\" srcset=\"https:\/\/thelittlewarriorcomic.com\/wp-content\/uploads\/2020\/12\/Lore.jpg 1000w, https:\/\/thelittlewarriorcomic.com\/wp-content\/uploads\/2020\/12\/Lore-600x296.jpg 600w, https:\/\/thelittlewarriorcomic.com\/wp-content\/uploads\/2020\/12\/Lore-300x148.jpg 300w, https:\/\/thelittlewarriorcomic.com\/wp-content\/uploads\/2020\/12\/Lore-768x379.jpg 768w, https:\/\/thelittlewarriorcomic.com\/wp-content\/uploads\/2020\/12\/Lore-16x8.jpg 16w\" sizes=\"auto, (max-width: 1000px) 100vw, 1000px\" \/><\/figure>\n\n\n\n<figure class=\"wp-block-audio\"><audio controls src=\"https:\/\/thelittlewarriorcomic.com\/wp-content\/uploads\/2022\/03\/montagne.mp3\" autoplay loop><\/audio><\/figure>\n\n\n\n<p class=\"wp-block-paragraph\">Utilisez les commentaires (ne marchent pour l'instant que dans la version anglaise du site) pour poser votre question, et je vous r\u00e9pondrai du mieux que je peux.<br>\u00c9videmment, je me r\u00e9serve le droit de passer celles qui ruineraient les surprises de l'histoire, comme \"Qui est le Petit Guerrier, quel est son but et son parfum de glace pr\u00e9f\u00e9r\u00e9?\" ou autres \"J'ai besoin du compte pr\u00e9cis de cailloux dans les Rocs\".<br>Apr\u00e8s, la fronti\u00e8re est parfois mince donc qui sait^^.<br>Alors, \u00e0 quoi pensiez-vous?<\/p>","protected":false},"excerpt":{"rendered":"<p>Have a question about lore? Fire away! Use the comments to ask your question, and I will answer it the best I can.Obviously, I won\u2019t be answering questions that might spoil the plot, such as \u201cWho exactly is the Little[&hellip;]<a class=\"more-link\" href=\"https:\/\/thelittlewarriorcomic.com\/fr\/lore\/\">&darr; Read the rest of this entry&#8230;<\/a><\/p>\n","protected":false},"author":47660416,"featured_media":0,"parent":0,"menu_order":0,"comment_status":"open","ping_status":"closed","template":"","meta":{"_coblocks_attr":"","_coblocks_dimensions":"","_coblocks_responsive_height":"","_coblocks_accordion_ie_support":"","_crdt_document":"","advanced_seo_description":"","jetpack_seo_html_title":"","jetpack_seo_noindex":false,"jetpack_post_was_ever_published":false,"footnotes":""},"class_list":["post-672","page","type-page","status-publish","hentry","uentry","postonpage-1","odd","post-author-ambroisehennebelle"],"jetpack_likes_enabled":false,"jetpack_sharing_enabled":true,"jetpack_shortlink":"https:\/\/wp.me\/PbQJ9K-aQ","amp_enabled":true,"_links":{"self":[{"href":"https:\/\/thelittlewarriorcomic.com\/fr\/wp-json\/wp\/v2\/pages\/672","targetHints":{"allow":["GET"]}}],"collection":[{"href":"https:\/\/thelittlewarriorcomic.com\/fr\/wp-json\/wp\/v2\/pages"}],"about":[{"href":"https:\/\/thelittlewarriorcomic.com\/fr\/wp-json\/wp\/v2\/types\/page"}],"author":[{"embeddable":true,"href":"https:\/\/thelittlewarriorcomic.com\/fr\/wp-json\/wp\/v2\/users\/47660416"}],"replies":[{"embeddable":true,"href":"https:\/\/thelittlewarriorcomic.com\/fr\/wp-json\/wp\/v2\/comments?post=672"}],"version-history":[{"count":10,"href":"https:\/\/thelittlewarriorcomic.com\/fr\/wp-json\/wp\/v2\/pages\/672\/revisions"}],"predecessor-version":[{"id":2260,"href":"https:\/\/thelittlewarriorcomic.com\/fr\/wp-json\/wp\/v2\/pages\/672\/revisions\/2260"}],"wp:attachment":[{"href":"https:\/\/thelittlewarriorcomic.com\/fr\/wp-json\/wp\/v2\/media?parent=672"}],"curies":[{"name":"wp","href":"https:\/\/api.w.org\/{rel}","templated":true}]}}