{"id":6,"date":"2020-03-31T17:10:30","date_gmt":"2020-03-31T16:10:30","guid":{"rendered":"https:\/\/thelittlewarriorcomic.com\/?page_id=6"},"modified":"2020-03-31T17:15:30","modified_gmt":"2020-03-31T16:15:30","slug":"blog","status":"publish","type":"page","link":"https:\/\/thelittlewarriorcomic.com\/fr\/blog\/","title":{"rendered":"Accueil"},"content":{"rendered":"<div class=\"wp-block-cover alignfull has-background-dim-10 has-background-dim\" style=\"background-image:url('https:\/\/iamtakashinuxtest20200131105336.files.wordpress.com\/2020\/01\/qi-bin-w4hbafegiac-unsplash.jpg');\"><div class=\"wp-block-cover__inner-container is-layout-flow wp-block-cover-is-layout-flow\">\n<div class=\"wp-block-jetpack-layout-grid alignfull column1-desktop-grid__span-8 column1-desktop-grid__start-3 column1-desktop-grid__row-1 column1-tablet-grid__span-8 column1-tablet-grid__row-1 column1-mobile-grid__span-4 column1-mobile-grid__row-1\">\n<div class=\"wp-block-jetpack-layout-grid-column wp-block-jetpack-layout-grid__padding-none\">\n<h1 class=\"has-text-align-center wp-block-heading\">Bienvenue sur votre nouveau site.<\/h1>\n\n\n\n<p class=\"has-text-align-center wp-block-paragraph\">Bienvenue sur votre nouveau site ! Pour modifier cette page, cliquez sur le lien de modification. Pour plus d\u2019informations sur la personnalisation de votre site, visitez le site\u00a0<a href=\"https:\/\/href.li\/?http:\/\/learn.wordpress.com\/\">http:\/\/learn.wordpress.com\/<\/a><\/p>\n\n\n\n<div class=\"wp-block-buttons aligncenter is-layout-flex wp-block-buttons-is-layout-flex\">\n<div class=\"wp-block-button\"><a class=\"wp-block-button__link\" href=\"http:\/\/learn.wordpress.com\" title=\"learn.wordpress.com\">En savoir plus<\/a><\/div>\n<\/div>\n<\/div>\n<\/div>\n<\/div><\/div>\n\n\n\n<div class=\"wp-block-group alignfull has-background-background-color has-background\"><div class=\"wp-block-group__inner-container is-layout-flow wp-block-group-is-layout-flow\">\n<div class=\"wp-block-jetpack-layout-grid alignfull column1-desktop-grid__span-12 column1-desktop-grid__row-1 column1-tablet-grid__span-8 column1-tablet-grid__row-1 column1-mobile-grid__span-4 column1-mobile-grid__row-1\">\n<div class=\"wp-block-jetpack-layout-grid-column wp-block-jetpack-layout-grid__padding-none\">\n<h4 class=\"wp-block-heading\">Articles r\u00e9cents<\/h4>\n\n\n\t<div\n\t\tclass=\"wp-block-newspack-blocks-homepage-articles  wpnbha is-grid columns-3 colgap-3 show-image image-aligntop ts-3 is-3 is-uncropped  has-text-align-left\"\n\t\tstyle=\"\"\n\t\t>\n\t\t\t\t\t<style id=\"newspack-blocks-inline-css\" type=\"text\/css\">\t\t.wp-block-newspack-blocks-homepage-articles article .entry-title {\n\t\t\tfont-size: 1.2em;\n\t\t}\n\t\t.wp-block-newspack-blocks-homepage-articles .entry-meta {\n\t\t\tdisplay: flex;\n\t\t\tflex-wrap: wrap;\n\t\t\talign-items: center;\n\t\t\tmargin-top: 0.5em;\n\t\t}\n\t\t.wp-block-newspack-blocks-homepage-articles article .entry-meta {\n\t\t\tfont-size: 0.8em;\n\t\t}\n\t\t.wp-block-newspack-blocks-homepage-articles article .avatar {\n\t\t\theight: 25px;\n\t\t\twidth: 25px;\n\t\t}\n\t\t.wp-block-newspack-blocks-homepage-articles .post-thumbnail{\n\t\t\tmargin: 0;\n\t\t\tmargin-bottom: 0.25em;\n\t\t}\n\t\t.wp-block-newspack-blocks-homepage-articles .post-thumbnail img {\n\t\t\theight: auto;\n\t\t\twidth: 100%;\n\t\t}\n\t\t.wp-block-newspack-blocks-homepage-articles .post-thumbnail figcaption {\n\t\t\tmargin-bottom: 0.5em;\n\t\t}\n\t\t.wp-block-newspack-blocks-homepage-articles p {\n\t\t\tmargin: 0.5em 0;\n\t\t}\n\n\t\t.wpnbha.ts-3 .entry-title{font-size: 1em}.wpnbha.ts-3 article .newspack-post-subtitle, .wpnbha.ts-3 article .entry-wrapper p, .wpnbha.ts-3 article .entry-wrapper .more-link, .wpnbha.ts-3 article .entry-meta {font-size: 0.8em;}\t<\/style>\n\t\t\t\t<div data-posts data-current-post-id=\"6\">\n\t\t\t\t\t\t\n\t<article data-post-id=\"3645\"\n\t\tclass=\"category-blog type-post\"\n\t\t\t\t>\n\t\t\t\t\n\t\t<div class=\"entry-wrapper\">\n\t\t\t<h2 class=\"entry-title\"><a href=\"https:\/\/thelittlewarriorcomic.com\/fr\/happy-new-year-2024-and-news\/\" rel=\"bookmark\">Happy New Year 2024, and news!<\/a><\/h2>\t\t\t\t\t\t<p>Hey you all, I hope you got nice holidays, and that the new year is going to bring you all kinds of expected and unexpected good things!You may have noticed that page 115 was updated in full color for Christmas \ud83d\ude42 page 116 is underway.I didn&#8217;t really have time to rest lately, and my financial\u2026<\/p>\n\t\t\t\t<div class=\"entry-meta\">\n\t\t\t\t\t<time class=\"entry-date published\" datetime=\"2024-01-13T11:54:39+01:00\">13 janvier 2024<\/time><time class=\"updated\" datetime=\"2024-01-13T11:54:42+01:00\">13 janvier 2024<\/time>\t\t\t\t<\/div><!-- .entry-meta -->\n\t\t\t\t\t<\/div><!-- .entry-wrapper -->\n\t<\/article>\n\n\t\t\n\t<article data-post-id=\"3452\"\n\t\tclass=\"category-blog type-post\"\n\t\t\t\t>\n\t\t\t\t\n\t\t<div class=\"entry-wrapper\">\n\t\t\t<h2 class=\"entry-title\"><a href=\"https:\/\/thelittlewarriorcomic.com\/fr\/page-112-up\/\" rel=\"bookmark\">Page 112 UP<\/a><\/h2>\t\t\t\t\t\t<p>with full shiny render, flavor text, plus a drawing-only version :)Thank you for your patience \ud83d\ude42<\/p>\n\t\t\t\t<div class=\"entry-meta\">\n\t\t\t\t\t<time class=\"entry-date published\" datetime=\"2023-10-16T20:01:17+02:00\">16 octobre 2023<\/time><time class=\"updated\" datetime=\"2023-10-16T20:01:19+02:00\">16 octobre 2023<\/time>\t\t\t\t<\/div><!-- .entry-meta -->\n\t\t\t\t\t<\/div><!-- .entry-wrapper -->\n\t<\/article>\n\n\t\t\n\t<article data-post-id=\"3352\"\n\t\tclass=\"category-blog type-post\"\n\t\t\t\t>\n\t\t\t\t\n\t\t<div class=\"entry-wrapper\">\n\t\t\t<h2 class=\"entry-title\"><a href=\"https:\/\/thelittlewarriorcomic.com\/fr\/ok-sorry-change-of-plans\/\" rel=\"bookmark\">Ok. Sorry. Change of plans<\/a><\/h2>\t\t\t\t\t\t<p>I was going to be working tomorrow on the story, but these past 2 hours we&#8217;ve got :-a potential bed bug infestation in the house-a lame kitty.Both of these things need to be adressed immediately and will likely take a good portion of my work time until we&#8217;re sure they&#8217;re resolved.See you soon, hopefully \ud83d\ude42<\/p>\n\t\t\t\t<div class=\"entry-meta\">\n\t\t\t\t\t<time class=\"entry-date published\" datetime=\"2023-09-06T19:57:49+02:00\">6 septembre 2023<\/time><time class=\"updated\" datetime=\"2023-09-06T19:57:52+02:00\">6 septembre 2023<\/time>\t\t\t\t<\/div><!-- .entry-meta -->\n\t\t\t\t\t<\/div><!-- .entry-wrapper -->\n\t<\/article>\n\n\t\t\t\t<\/div>\n\t\t\n\t<\/div>\n\t<\/div>\n<\/div>\n<\/div><\/div>\n\n\n\n<div class=\"wp-block-group alignfull has-foreground-dark-background-color has-background\"><div class=\"wp-block-group__inner-container is-layout-flow wp-block-group-is-layout-flow\">\n<div class=\"wp-block-jetpack-layout-grid alignfull column1-desktop-grid__span-3 column1-desktop-grid__start-3 column1-desktop-grid__row-1 column2-desktop-grid__span-5 column2-desktop-grid__start-6 column2-desktop-grid__row-1 column1-tablet-grid__span-4 column1-tablet-grid__row-1 column2-tablet-grid__span-4 column2-tablet-grid__start-5 column2-tablet-grid__row-1 column1-mobile-grid__span-4 column1-mobile-grid__row-1 column2-mobile-grid__span-4 column2-mobile-grid__row-2\">\n<div class=\"wp-block-jetpack-layout-grid-column wp-block-jetpack-layout-grid__padding-none\">\n<p class=\"has-text-align-left has-huge-font-size wp-block-paragraph\">Recevez directement le nouveau contenu dans votre bo\u00eete de r\u00e9ception.<\/p>\n<\/div>\n\n\n\n<div class=\"wp-block-jetpack-layout-grid-column wp-block-jetpack-layout-grid__padding-none\"><div class=\"wp-block-jetpack-subscriptions__supports-newline wp-block-jetpack-subscriptions\">\n\t\t<div>\n\t\t\t<div>\n\t\t\t\t<div>\n\t\t\t\t\t<p >\n\t\t\t\t\t\t<a href=\"https:\/\/thelittlewarriorcomic.com\/fr\/?post_type=page&#038;p=6\" style=\"font-size: 16px;padding: 15px 23px 15px 23px;margin: 0; margin-left: 10px;border-radius: 0px;border-width: 1px; background-color: #113AF5; color: #FFFFFF; text-decoration: none; white-space: nowrap; margin-left: 0\">Abonnez-vous<\/a>\n\t\t\t\t\t<\/p>\n\t\t\t\t<\/div>\n\t\t\t<\/div>\n\t\t<\/div>\n\t<\/div><\/div>\n<\/div>\n<\/div><\/div>","protected":false},"excerpt":{"rendered":"<p>Articles r\u00e9cents Recevez directement le nouveau contenu dans votre bo\u00eete de r\u00e9ception.<\/p>","protected":false},"author":47660416,"featured_media":0,"parent":0,"menu_order":1,"comment_status":"closed","ping_status":"closed","template":"","meta":{"_coblocks_attr":"","_coblocks_dimensions":"","_coblocks_responsive_height":"","_coblocks_accordion_ie_support":"","_crdt_document":"","advanced_seo_description":"","jetpack_seo_html_title":"","jetpack_seo_noindex":false,"jetpack_post_was_ever_published":false,"footnotes":""},"class_list":["post-6","page","type-page","status-publish","hentry","uentry","postonpage-1","odd","post-author-ambroisehennebelle"],"jetpack_likes_enabled":null,"jetpack_sharing_enabled":false,"jetpack_shortlink":"https:\/\/wp.me\/PbQJ9K-6","amp_enabled":true,"_links":{"self":[{"href":"https:\/\/thelittlewarriorcomic.com\/fr\/wp-json\/wp\/v2\/pages\/6","targetHints":{"allow":["GET"]}}],"collection":[{"href":"https:\/\/thelittlewarriorcomic.com\/fr\/wp-json\/wp\/v2\/pages"}],"about":[{"href":"https:\/\/thelittlewarriorcomic.com\/fr\/wp-json\/wp\/v2\/types\/page"}],"author":[{"embeddable":true,"href":"https:\/\/thelittlewarriorcomic.com\/fr\/wp-json\/wp\/v2\/users\/47660416"}],"replies":[{"embeddable":true,"href":"https:\/\/thelittlewarriorcomic.com\/fr\/wp-json\/wp\/v2\/comments?post=6"}],"version-history":[{"count":1,"href":"https:\/\/thelittlewarriorcomic.com\/fr\/wp-json\/wp\/v2\/pages\/6\/revisions"}],"predecessor-version":[{"id":13,"href":"https:\/\/thelittlewarriorcomic.com\/fr\/wp-json\/wp\/v2\/pages\/6\/revisions\/13"}],"wp:attachment":[{"href":"https:\/\/thelittlewarriorcomic.com\/fr\/wp-json\/wp\/v2\/media?parent=6"}],"curies":[{"name":"wp","href":"https:\/\/api.w.org\/{rel}","templated":true}]}}